{"id":452,"date":"2023-02-25T02:11:30","date_gmt":"2023-02-25T01:11:30","guid":{"rendered":"https:\/\/dta-augsburg.de\/?page_id=452"},"modified":"2023-02-25T03:46:34","modified_gmt":"2023-02-25T02:46:34","slug":"iletisim","status":"publish","type":"page","link":"https:\/\/dta-augsburg.de\/tr\/iletisim\/","title":{"rendered":"\u0130leti\u015fim"},"content":{"rendered":"<div id='av-layout-grid-1'  class='av-layout-grid-container av-3o1nak-43c0973305a2398f35965eef47f58b3b entry-content-wrapper main_color av-flex-cells  avia-builder-el-0  el_before_av_one_fifth  avia-builder-el-first   container_wrap fullsize'  >\n\n<style type=\"text\/css\" data-created_by=\"avia_inline_auto\" id=\"style-css-av-3ibdd8-ca8e1c0644450c6a89892ea26cc55b15\">\n.flex_cell.av-3ibdd8-ca8e1c0644450c6a89892ea26cc55b15{\nvertical-align:middle;\nheight:430px;\nmin-height:430px;\nbackground-color:#f7f7f7;\n}\n.responsive #top #wrap_all .flex_cell.av-3ibdd8-ca8e1c0644450c6a89892ea26cc55b15{\npadding:30px 100px 30px 100px !important;\n}\n<\/style>\n<div class='flex_cell av-3ibdd8-ca8e1c0644450c6a89892ea26cc55b15 av-gridrow-cell av_one_fifth no_margin  avia-builder-el-1  el_before_av_cell_four_fifth  avia-builder-el-first  avia-full-stretch' ><div class='flex_cell_inner'>\n<style type=\"text\/css\" data-created_by=\"avia_inline_auto\" id=\"style-css-av-3c6wn0-558383ad33f105621a4b63a3e157668d\">\n.flex_column.av-3c6wn0-558383ad33f105621a4b63a3e157668d{\n-webkit-border-radius:0px 0px 0px 0px;\n-moz-border-radius:0px 0px 0px 0px;\nborder-radius:0px 0px 0px 0px;\npadding:0px 0px 0px 0px;\n}\n<\/style>\n<div class='flex_column av-3c6wn0-558383ad33f105621a4b63a3e157668d av_one_full  avia-builder-el-2  avia-builder-el-no-sibling  first flex_column_div av-animated-generic bottom-to-top av-zero-column-padding '     ><p>\n<style type=\"text\/css\" data-created_by=\"avia_inline_auto\" id=\"style-css-av-3aittw-e23f8536ec7a72ab164c4e648365f844\">\n#top .av-special-heading.av-3aittw-e23f8536ec7a72ab164c4e648365f844{\npadding-bottom:10px;\n}\nbody .av-special-heading.av-3aittw-e23f8536ec7a72ab164c4e648365f844 .av-special-heading-tag .heading-char{\nfont-size:25px;\n}\n.av-special-heading.av-3aittw-e23f8536ec7a72ab164c4e648365f844 .av-subheading{\nfont-size:15px;\n}\n<\/style>\n<div  class='av-special-heading av-3aittw-e23f8536ec7a72ab164c4e648365f844 av-special-heading-h3 blockquote modern-quote  avia-builder-el-3  el_before_av_textblock  avia-builder-el-first '><h3 class='av-special-heading-tag'  itemprop=\"headline\"  >\u0130leti\u015fim<\/h3><div class=\"special-heading-border\"><div class=\"special-heading-inner-border\"><\/div><\/div><\/div><br \/>\n<section  class='av_textblock_section av-34wyus-60a4547afac1f26f1081b2329360e22b'  itemscope=\"itemscope\" itemtype=\"https:\/\/schema.org\/CreativeWork\" ><div class='avia_textblock'  itemprop=\"text\" ><p><span class=\"LrzXr\">86150 Augsburg, Deutschland<\/span><\/p>\n<p><span class=\"w8qArf\">Telefon: +49 (<\/span><span class=\"LrzXr zdqRlf kno-fv\"><span aria-label=\"0821 8841717 anrufen\">0) 179 72 600 89<\/span><\/span><br \/>\nE-Posta : info@dta-augsburg.de<\/p>\n<\/div><\/section><\/p><\/div>\n<\/div><\/div>\n<style type=\"text\/css\" data-created_by=\"avia_inline_auto\" id=\"style-css-av-ajzwk-2b2d162bcabf98951e82260eb318f428\">\n.flex_cell.av-ajzwk-2b2d162bcabf98951e82260eb318f428{\nvertical-align:middle;\nheight:430px;\nmin-height:430px;\n}\n.responsive #top #wrap_all .flex_cell.av-ajzwk-2b2d162bcabf98951e82260eb318f428{\npadding:0px 0px 0px 0px !important;\n}\n<\/style>\n<div class='flex_cell av-ajzwk-2b2d162bcabf98951e82260eb318f428 av-gridrow-cell av_four_fifth no_margin  avia-builder-el-5  el_after_av_cell_one_fifth  avia-builder-el-last  av-zero-padding' ><div class='flex_cell_inner'><div  class='av_gmaps_sc_main_wrap av_gmaps_main_wrap '><div id='av_gmap_0' class='avia-google-map-container avia-google-map-sc av_gmaps_show_unconditionally av-no-fallback-img ' data-mapid='av_gmap_0'  style='height: 500px;'><a class=\"av_gmaps_browser_disabled av_text_confirm_link av_text_confirm_link_visible\" href=\"https:\/\/www.google.com\/maps\/search\/?api=1&#038;query=48.3656729,10.8942662\" target=\"_blank\" rel=\"noopener\">Maps were disabled by the visitor on this site. Click to open the map in a new window.<\/a><\/div><\/div>\n<\/div><\/div>\n<\/div><div id='after_grid_row_1'  class='main_color av_default_container_wrap container_wrap fullsize'  ><div class='container av-section-cont-open' ><div class='template-page content  av-content-full alpha units'><div class='post-entry post-entry-type-page post-entry-452'><div class='entry-content-wrapper clearfix'>\n\n<style type=\"text\/css\" data-created_by=\"avia_inline_auto\" id=\"style-css-av-2gzuus-215df374326ca94fe509aa4f5155be25\">\n.flex_column.av-2gzuus-215df374326ca94fe509aa4f5155be25{\n-webkit-border-radius:0px 0px 0px 0px;\n-moz-border-radius:0px 0px 0px 0px;\nborder-radius:0px 0px 0px 0px;\npadding:0px 0px 0px 0px;\n}\n<\/style>\n<div class='flex_column av-2gzuus-215df374326ca94fe509aa4f5155be25 av_one_fifth  avia-builder-el-7  el_after_av_layout_row  el_before_av_three_fifth  avia-builder-el-first  first flex_column_div av-zero-column-padding '     ><\/div>\n\n<style type=\"text\/css\" data-created_by=\"avia_inline_auto\" id=\"style-css-av-283xvo-919d0877d306b71e3c84cda15cb6d763\">\n.flex_column.av-283xvo-919d0877d306b71e3c84cda15cb6d763{\n-webkit-border-radius:0px 0px 0px 0px;\n-moz-border-radius:0px 0px 0px 0px;\nborder-radius:0px 0px 0px 0px;\npadding:0px 0px 0px 0px;\n}\n<\/style>\n<div class='flex_column av-283xvo-919d0877d306b71e3c84cda15cb6d763 av_three_fifth  avia-builder-el-8  el_after_av_one_fifth  el_before_av_one_fifth  flex_column_div av-animated-generic bottom-to-top av-zero-column-padding '     ><p>\n<style type=\"text\/css\" data-created_by=\"avia_inline_auto\" id=\"style-css-av-21bj9o-e4d02666e977e70c374084b336518070\">\n#top .av-special-heading.av-21bj9o-e4d02666e977e70c374084b336518070{\npadding-bottom:10px;\n}\nbody .av-special-heading.av-21bj9o-e4d02666e977e70c374084b336518070 .av-special-heading-tag .heading-char{\nfont-size:25px;\n}\n.av-special-heading.av-21bj9o-e4d02666e977e70c374084b336518070 .av-subheading{\nfont-size:15px;\n}\n<\/style>\n<div  class='av-special-heading av-21bj9o-e4d02666e977e70c374084b336518070 av-special-heading-h3 blockquote modern-quote modern-centered  avia-builder-el-9  el_before_av_textblock  avia-builder-el-first '><h3 class='av-special-heading-tag'  itemprop=\"headline\"  >Elektronik postan\u0131z\u0131 g\u00f6nderebilirsiniz<\/h3><div class=\"special-heading-border\"><div class=\"special-heading-inner-border\"><\/div><\/div><\/div><br \/>\n<section  class='av_textblock_section av-1wx190-74b223d995445238aa40ce667b9f1f05'  itemscope=\"itemscope\" itemtype=\"https:\/\/schema.org\/CreativeWork\" ><div class='avia_textblock'  itemprop=\"text\" ><p style=\"text-align: center;\">Bizimle istedi\u011finiz zaman info@dta-augsburg.de adresinden e-posta yoluyla ileti\u015fime ge\u00e7ebilir veya 01797260089 numaral\u0131 telefondan bizi arayabilirsiniz.<\/p>\n<\/div><\/section><\/p><\/div>\n\n<style type=\"text\/css\" data-created_by=\"avia_inline_auto\" id=\"style-css-av-1rf7c4-cf582d143ba71500749287c6892a9d5b\">\n.flex_column.av-1rf7c4-cf582d143ba71500749287c6892a9d5b{\n-webkit-border-radius:0px 0px 0px 0px;\n-moz-border-radius:0px 0px 0px 0px;\nborder-radius:0px 0px 0px 0px;\npadding:0px 0px 0px 0px;\n}\n<\/style>\n<div class='flex_column av-1rf7c4-cf582d143ba71500749287c6892a9d5b av_one_fifth  avia-builder-el-11  el_after_av_three_fifth  el_before_av_layout_row  avia-builder-el-last  flex_column_div av-zero-column-padding '     ><\/div>\n<\/div><\/div><\/div><!-- close content main div --><\/div><\/div><div id='av-layout-grid-2'  class='av-layout-grid-container av-1kamgc-77b1794264bb0161e63db490d2166f9a entry-content-wrapper alternate_color av-flex-cells  avia-builder-el-12  el_after_av_one_fifth  avia-builder-el-last  grid-row-not-first  container_wrap fullsize'  >\n\n<style type=\"text\/css\" data-created_by=\"avia_inline_auto\" id=\"style-css-av-1caopo-d692bef0e388055ec4cc9987c0ac1a13\">\n.flex_cell.av-1caopo-d692bef0e388055ec4cc9987c0ac1a13{\nvertical-align:top;\nbackground-color:#ffffff;\n}\n.responsive #top #wrap_all .flex_cell.av-1caopo-d692bef0e388055ec4cc9987c0ac1a13{\npadding:30px 30px 30px 30px !important;\n}\n<\/style>\n<div class='flex_cell av-1caopo-d692bef0e388055ec4cc9987c0ac1a13 av-gridrow-cell av_one_fifth no_margin  avia-builder-el-13  el_before_av_cell_three_fifth  avia-builder-el-first ' ><div class='flex_cell_inner'><\/div><\/div><div class='flex_cell av-1a2p30-71bea487fb464ce38c3bb4cf953c5891 av-gridrow-cell av_three_fifth no_margin  avia-builder-el-14  el_after_av_cell_one_fifth  el_before_av_cell_one_fifth ' ><div class='flex_cell_inner'><form action=\"https:\/\/dta-augsburg.de\/tr\/iletisim\/\" method=\"post\"  class=\"avia_ajax_form av-form-labels-hidden   avia-builder-el-15  avia-builder-el-no-sibling  av-centered-form   \" data-avia-form-id=\"1\" data-avia-redirect='' ><fieldset><p class='  first_form  form_element form_element_third' id='element_avia_1_1'><label for=\"avia_1_1\">\u0130sim <abbr class=\"required\" title=\"Zorunlu\">*<\/abbr><\/label> <input name=\"avia_1_1\" class=\"text_input is_empty\" type=\"text\" id=\"avia_1_1\" value=\"\"  placeholder='\u0130sim*'\/><\/p><p class='  form_element form_element_third' id='element_avia_2_1'><label for=\"avia_2_1\">E-Posta adresiniz <abbr class=\"required\" title=\"Zorunlu\">*<\/abbr><\/label> <input name=\"avia_2_1\" class=\"text_input is_email\" type=\"text\" id=\"avia_2_1\" value=\"\"  placeholder='E-Posta adresiniz*'\/><\/p><p class='  form_element form_element_third' id='element_avia_3_1'><label for=\"avia_3_1\">Konu <abbr class=\"required\" title=\"Zorunlu\">*<\/abbr><\/label> <input name=\"avia_3_1\" class=\"text_input is_empty\" type=\"text\" id=\"avia_3_1\" value=\"\"  placeholder='Konu*'\/><\/p><p class='  first_form  form_element form_fullwidth' id='element_avia_4_1'><label for=\"avia_4_1\" class=\"textare_label hidden textare_label_avia_4_1\">Mesaj\u0131n\u0131z <abbr class=\"required\" title=\"Zorunlu\">*<\/abbr><\/label><textarea  placeholder='Mesaj\u0131n\u0131z*' name=\"avia_4_1\" class=\"text_area is_empty\" cols=\"40\" rows=\"7\" id=\"avia_4_1\" ><\/textarea><\/p><p class=\"hidden\"><input type=\"text\" name=\"avia_5_1\" class=\"hidden \" id=\"avia_5_1\" value=\"\" \/><\/p><p class='   form_element form_fullwidth' id='element_avia_6_1'><span class='value_verifier_label'>2 + 2 = ?<\/span><input name=\"avia_6_1_verifier\" type=\"hidden\" id=\"avia_6_1_verifier\" value=\"156747444\"\/><label for=\"avia_6_1\">L\u00fctfen denklemi \u00e7\u00f6zerek insan oldu\u011funuzu kan\u0131tlay\u0131n\u0131z <abbr class=\"required\" title=\"Zorunlu\">*<\/abbr><\/label><input name=\"avia_6_1\" class=\"text_input captcha\" type=\"text\" id=\"avia_6_1\" value=\"\"\/><\/p><p class=\"form_element \"><input type=\"hidden\" value=\"1\" name=\"avia_generated_form1\" \/><input type=\"submit\" value=\"G\u00f6nder\" class=\"button\"  data-sending-label=\"G\u00f6nderiliyor\"\/><\/p><\/fieldset><\/form><div id=\"ajaxresponse_1\" class=\"ajaxresponse ajaxresponse_1 hidden\"><\/div>\n<\/div><\/div>\n<style type=\"text\/css\" data-created_by=\"avia_inline_auto\" id=\"style-css-av-97vng-498aa2c7d8315e3af0850f979bbe5db3\">\n.flex_cell.av-97vng-498aa2c7d8315e3af0850f979bbe5db3{\nvertical-align:top;\nbackground-color:#ffffff;\n}\n.responsive #top #wrap_all .flex_cell.av-97vng-498aa2c7d8315e3af0850f979bbe5db3{\npadding:30px 30px 30px 30px !important;\n}\n<\/style>\n<div class='flex_cell av-97vng-498aa2c7d8315e3af0850f979bbe5db3 av-gridrow-cell av_one_fifth no_margin  avia-builder-el-16  el_after_av_cell_three_fifth  avia-builder-el-last ' ><div class='flex_cell_inner'><\/div><\/div><\/div>\n","protected":false},"excerpt":{"rendered":"","protected":false},"author":1,"featured_media":0,"parent":0,"menu_order":0,"comment_status":"open","ping_status":"open","template":"","meta":{"footnotes":""},"class_list":["post-452","page","type-page","status-publish","hentry"],"_links":{"self":[{"href":"https:\/\/dta-augsburg.de\/tr\/wp-json\/wp\/v2\/pages\/452","targetHints":{"allow":["GET"]}}],"collection":[{"href":"https:\/\/dta-augsburg.de\/tr\/wp-json\/wp\/v2\/pages"}],"about":[{"href":"https:\/\/dta-augsburg.de\/tr\/wp-json\/wp\/v2\/types\/page"}],"author":[{"embeddable":true,"href":"https:\/\/dta-augsburg.de\/tr\/wp-json\/wp\/v2\/users\/1"}],"replies":[{"embeddable":true,"href":"https:\/\/dta-augsburg.de\/tr\/wp-json\/wp\/v2\/comments?post=452"}],"version-history":[{"count":5,"href":"https:\/\/dta-augsburg.de\/tr\/wp-json\/wp\/v2\/pages\/452\/revisions"}],"predecessor-version":[{"id":543,"href":"https:\/\/dta-augsburg.de\/tr\/wp-json\/wp\/v2\/pages\/452\/revisions\/543"}],"wp:attachment":[{"href":"https:\/\/dta-augsburg.de\/tr\/wp-json\/wp\/v2\/media?parent=452"}],"curies":[{"name":"wp","href":"https:\/\/api.w.org\/{rel}","templated":true}]}}