{"id":456,"date":"2023-02-25T02:15:06","date_gmt":"2023-02-25T01:15:06","guid":{"rendered":"https:\/\/dta-augsburg.de\/?page_id=456"},"modified":"2023-02-25T02:17:40","modified_gmt":"2023-02-25T01:17:40","slug":"veri-koruma-beyani","status":"publish","type":"page","link":"https:\/\/dta-augsburg.de\/tr\/veri-koruma-beyani\/","title":{"rendered":"Veri koruma beyan\u0131"},"content":{"rendered":"<h4>Veri koruma beyan\u0131<\/h4>\n<p>i\u015fisel veriler (a\u015fa\u011f\u0131da genellikle &#8220;veri&#8221; olarak an\u0131lacakt\u0131r), yaln\u0131zca gerekli oldu\u011fu \u00f6l\u00e7\u00fcde ve i\u00e7eri\u011fi ve burada sunulan hizmetler de dahil olmak \u00fczere i\u015flevsel ve kullan\u0131c\u0131 dostu bir web sitesi sa\u011flamak amac\u0131yla taraf\u0131m\u0131zca i\u015flenir.<\/p>\n<p>(AB) 2016\/679 say\u0131l\u0131 T\u00fcz\u00fc\u011f\u00fcn 4 No. 1 Maddesine g\u00f6re, yani Genel Veri Koruma T\u00fcz\u00fc\u011f\u00fc (bundan b\u00f6yle &#8220;GDPR&#8221; olarak an\u0131lacakt\u0131r), &#8220;i\u015fleme&#8221;, otomatik s\u00fcre\u00e7ler veya toplama, kaydetme, organize etme, d\u00fczenleme, saklama, uyarlama veya de\u011fi\u015ftirme, okuma, sorgulama, kullanma, iletim, da\u011f\u0131t\u0131m veya di\u011fer herhangi bir tedarik, kar\u015f\u0131la\u015ft\u0131rma veya ba\u011flant\u0131 olu\u015fturma yoluyla if\u015fa etme gibi ki\u015fisel verilerle ba\u011flant\u0131l\u0131 bu t\u00fcr her t\u00fcrl\u00fc s\u00fcre\u00e7, k\u0131s\u0131tlamak, silmek veya yok etmek.<\/p>\n<p>A\u015fa\u011f\u0131daki veri koruma beyan\u0131 ile, ki\u015fisel verilerin i\u015flenmesinin t\u00fcr\u00fc, kapsam\u0131, amac\u0131, s\u00fcresi ve yasal dayana\u011f\u0131 hakk\u0131nda, tek ba\u015f\u0131na veya ba\u015fkalar\u0131yla birlikte i\u015fleme ama\u00e7lar\u0131na ve ara\u00e7lar\u0131na karar verdi\u011fimiz \u00f6l\u00e7\u00fcde sizi bilgilendiriyoruz. Ayr\u0131ca, \u00fc\u00e7\u00fcnc\u00fc \u015fah\u0131slar\u0131n kendi sorumluluklar\u0131 alt\u0131nda verileri i\u015fledi\u011fi s\u00fcrece, optimizasyon amac\u0131yla ve kullan\u0131m kalitesini art\u0131rmak i\u00e7in kulland\u0131\u011f\u0131m\u0131z \u00fc\u00e7\u00fcnc\u00fc taraf bile\u015fenleri hakk\u0131nda sizi a\u015fa\u011f\u0131da bilgilendirece\u011fiz.<\/p>\n<p><strong>Gizlilik politikam\u0131z \u015fu \u015fekilde yap\u0131land\u0131r\u0131lm\u0131\u015ft\u0131r:<\/strong><\/p>\n<p>I. Veri sorumlusu olarak bizimle ilgili bilgiler<br \/>\nII. Kullan\u0131c\u0131lar\u0131n ve veri sahiplerinin haklar\u0131<br \/>\nIII. Veri i\u015fleme hakk\u0131nda bilgi<\/p>\n<p><strong>Verilerin korunmas\u0131 a\u00e7\u0131s\u0131ndan bu web sitesinin sorumlu sa\u011flay\u0131c\u0131s\u0131:<\/strong><\/p>\n<p>Kemal Sa\u011flam<br \/>\n1. Y\u00f6netim Kurulu Ba\u015fkan\u0131<br \/>\nAdam Acar<br \/>\n2. Y\u00f6netim Kurulu Ba\u015fkan\u0131<\/p>\n<p>DTA Augsburg<\/p>\n<p>Telefon: 0049\/1797260089<\/p>\n<p>II. Kullan\u0131c\u0131lar\u0131n ve veri sahiplerinin haklar\u0131<\/p>\n<p>A\u015fa\u011f\u0131da daha ayr\u0131nt\u0131l\u0131 olarak a\u00e7\u0131klanan veri i\u015fleme ile ilgili olarak, kullan\u0131c\u0131lar ve etkilenenler \u015fu haklara sahiptir:<\/p>\n<p>kendileriyle ilgili verilerin i\u015flenip i\u015flenmedi\u011finin teyidi i\u00e7in, i\u015flenen veriler hakk\u0131nda bilgi i\u00e7in, veri i\u015fleme hakk\u0131nda daha fazla bilgi i\u00e7in ve verilerin kopyalar\u0131 i\u00e7in (bkz. ayr\u0131ca GDPR Madde 15);<br \/>\nyanl\u0131\u015f veya eksik verileri d\u00fczeltmek veya tamamlamak i\u00e7in (ayr\u0131ca bkz. Madde 16 GDPR);<br \/>\nbunlarla ilgili verilerin derhal silinmesi (ayr\u0131ca bkz. Madde 17 GDPR) veya alternatif olarak, GDPR Madde 17 (3) uyar\u0131nca daha fazla i\u015flem yap\u0131lmas\u0131 gerekiyorsa, GDPR Madde 18 uyar\u0131nca i\u015flemenin k\u0131s\u0131tlanmas\u0131;<br \/>\nkendileriyle ilgili ve onlar taraf\u0131ndan sa\u011flanan verileri almak ve bu verileri di\u011fer sa\u011flay\u0131c\u0131lara\/sorumlu taraflara iletmek (ayr\u0131ca bkz. Madde 20 GDPR);<br \/>\nSizinle ilgili verilerin sa\u011flay\u0131c\u0131 taraf\u0131ndan veri koruma d\u00fczenlemelerini ihlal edecek \u015fekilde i\u015flendi\u011fine inan\u0131yorsan\u0131z denetim makam\u0131na \u015fikayette bulunma (ayr\u0131ca bkz. Madde 77 GDPR).<br \/>\nEk olarak, sa\u011flay\u0131c\u0131, DSGVO&#8217;nun 16, 17, 1, 18. maddeleri temelinde ger\u00e7ekle\u015fen herhangi bir veri d\u00fczeltmesi veya silinmesi veya i\u015fleme k\u0131s\u0131tlamas\u0131 hakk\u0131nda sa\u011flay\u0131c\u0131 taraf\u0131ndan verilerin if\u015fa edildi\u011fi t\u00fcm al\u0131c\u0131lar\u0131 bilgilendirmekle y\u00fck\u00fcml\u00fcd\u00fcr. . Ancak, bu bildirim imkans\u0131zsa veya orant\u0131s\u0131z bir \u00e7aba i\u00e7eriyorsa, bu y\u00fck\u00fcml\u00fcl\u00fck mevcut de\u011fildir. Buna bak\u0131lmaks\u0131z\u0131n, kullan\u0131c\u0131n\u0131n bu al\u0131c\u0131lar hakk\u0131nda bilgi edinme hakk\u0131 vard\u0131r.<\/p>\n<p>GDPR Madde 21&#8217;e g\u00f6re, kullan\u0131c\u0131lar ve veri sahipleri, verilerin sa\u011flay\u0131c\u0131 taraf\u0131ndan GDPR Madde 6 (1) bent f) uyar\u0131nca i\u015flenmesi ko\u015fuluyla, kendileriyle ilgili verilerin gelecekte i\u015flenmesine itiraz etme hakk\u0131na sahiptir. . \u00d6zellikle, do\u011frudan reklam amac\u0131yla veri i\u015flemeye itiraz edilebilir.<\/p>\n<p>III. Veri i\u015fleme hakk\u0131nda bilgi<\/p>\n<p>Web sitemizi kullan\u0131rken i\u015flenen verileriniz, depolama amac\u0131 art\u0131k ge\u00e7erli olmad\u0131\u011f\u0131nda, verilerin silinmesi herhangi bir yasal depolama gereklili\u011fiyle \u00e7eli\u015fmedi\u011fi ve m\u00fcnferit i\u015fleme y\u00f6ntemleri hakk\u0131nda ba\u015fka hi\u00e7bir bilgi verilmedi\u011fi anda silinecek veya bloke edilecektir.<\/p>\n","protected":false},"excerpt":{"rendered":"<p>Veri koruma beyan\u0131 i\u015fisel veriler (a\u015fa\u011f\u0131da genellikle &#8220;veri&#8221; olarak an\u0131lacakt\u0131r), yaln\u0131zca gerekli oldu\u011fu \u00f6l\u00e7\u00fcde ve i\u00e7eri\u011fi ve burada sunulan hizmetler de dahil olmak \u00fczere i\u015flevsel ve kullan\u0131c\u0131 dostu bir web sitesi sa\u011flamak amac\u0131yla taraf\u0131m\u0131zca i\u015flenir. (AB) 2016\/679 say\u0131l\u0131 T\u00fcz\u00fc\u011f\u00fcn 4 No. 1 Maddesine g\u00f6re, yani Genel Veri Koruma T\u00fcz\u00fc\u011f\u00fc (bundan b\u00f6yle &#8220;GDPR&#8221; olarak an\u0131lacakt\u0131r), &#8220;i\u015fleme&#8221;, [&hellip;]<\/p>\n","protected":false},"author":1,"featured_media":0,"parent":0,"menu_order":0,"comment_status":"closed","ping_status":"open","template":"","meta":{"footnotes":""},"class_list":["post-456","page","type-page","status-publish","hentry"],"_links":{"self":[{"href":"https:\/\/dta-augsburg.de\/tr\/wp-json\/wp\/v2\/pages\/456","targetHints":{"allow":["GET"]}}],"collection":[{"href":"https:\/\/dta-augsburg.de\/tr\/wp-json\/wp\/v2\/pages"}],"about":[{"href":"https:\/\/dta-augsburg.de\/tr\/wp-json\/wp\/v2\/types\/page"}],"author":[{"embeddable":true,"href":"https:\/\/dta-augsburg.de\/tr\/wp-json\/wp\/v2\/users\/1"}],"replies":[{"embeddable":true,"href":"https:\/\/dta-augsburg.de\/tr\/wp-json\/wp\/v2\/comments?post=456"}],"version-history":[{"count":3,"href":"https:\/\/dta-augsburg.de\/tr\/wp-json\/wp\/v2\/pages\/456\/revisions"}],"predecessor-version":[{"id":458,"href":"https:\/\/dta-augsburg.de\/tr\/wp-json\/wp\/v2\/pages\/456\/revisions\/458"}],"wp:attachment":[{"href":"https:\/\/dta-augsburg.de\/tr\/wp-json\/wp\/v2\/media?parent=456"}],"curies":[{"name":"wp","href":"https:\/\/api.w.org\/{rel}","templated":true}]}}